{"id":148,"date":"2020-11-17T15:24:52","date_gmt":"2020-11-17T15:24:52","guid":{"rendered":"http:\/\/radioinsular.pt\/?page_id=148"},"modified":"2021-05-04T14:18:04","modified_gmt":"2021-05-04T15:18:04","slug":"zen-and-mind","status":"publish","type":"page","link":"https:\/\/radioinsular.pt\/index.php\/zen-and-mind\/","title":{"rendered":"ZEN &#038; MIND"},"content":{"rendered":"\n<div class=\"wp-block-image is-style-default\"><figure class=\"aligncenter size-large\"><img loading=\"lazy\" width=\"1024\" height=\"315\" src=\"http:\/\/radioinsular.pt\/wp-content\/uploads\/2021\/05\/ZEN-MIND-1024x315.png\" alt=\"\" class=\"wp-image-651\" srcset=\"https:\/\/radioinsular.pt\/wp-content\/uploads\/2021\/05\/ZEN-MIND-1024x315.png 1024w, https:\/\/radioinsular.pt\/wp-content\/uploads\/2021\/05\/ZEN-MIND-300x92.png 300w, https:\/\/radioinsular.pt\/wp-content\/uploads\/2021\/05\/ZEN-MIND-768x236.png 768w, https:\/\/radioinsular.pt\/wp-content\/uploads\/2021\/05\/ZEN-MIND-1536x473.png 1536w, https:\/\/radioinsular.pt\/wp-content\/uploads\/2021\/05\/ZEN-MIND-2048x630.png 2048w, https:\/\/radioinsular.pt\/wp-content\/uploads\/2021\/05\/ZEN-MIND-400x123.png 400w\" sizes=\"(max-width: 1024px) 100vw, 1024px\" \/><\/figure><\/div>\n\n\n\n<div class=\"wp-block-uagb-info-box uagb-infobox__outer-wrap uagb-block-92b1b8ac\"><div class=\"uagb-infobox__content-wrap uagb-infobox uagb-infobox-has-icon uagb-infobox-icon-above-title uagb-infobox-image-valign-top uagb-infobox-enable-border-radius \"><div class=\"uagb-ifb-left-right-wrap\"><div class=\"uagb-ifb-content\"><div class=\"uagb-ifb-image-icon-content uagb-ifb-imgicon-wrap\"><div class=\"uagb-ifb-icon-wrap\"><span class=\"uagb-ifb-icon\"><svg xmlns=\"http:\/\/www.w3.org\/2000\/svg\" viewbox=\"0 0 576 512\"><path d=\"M259.3 17.8L194 150.2 47.9 171.5c-26.2 3.8-36.7 36.1-17.7 54.6l105.7 103-25 145.5c-4.5 26.3 23.2 46 46.4 33.7L288 439.6l130.7 68.7c23.2 12.2 50.9-7.4 46.4-33.7l-25-145.5 105.7-103c19-18.5 8.5-50.8-17.7-54.6L382 150.2 316.7 17.8c-11.7-23.6-45.6-23.9-57.4 0z\"><\/path><\/svg><\/span><\/div><\/div><div class=\"uagb-ifb-title-wrap\"><span class=\"uagb-ifb-title-prefix\">Patr\u00edcia Leite<\/span><h3 class=\"uagb-ifb-title\">ACALMAR A REPIRA\u00c7\u00c3O<\/h3><\/div><div class=\"uagb-ifb-separator-parent\"><div class=\"uagb-ifb-separator\"><\/div><\/div><div class=\"uagb-ifb-text-wrap\"><p class=\"uagb-ifb-desc\">A&nbsp;respira\u00e7\u00e3o&nbsp;pode&nbsp;mudar&nbsp;rapidamente&nbsp;teu&nbsp;estado&nbsp;de&nbsp;esp\u00edrito.<br>Acalmar a respira\u00e7\u00e3o ajuda a despertar o sentimento de paz, aumentando a consci\u00eancia de que situa\u00e7\u00f5es de raiva e tristeza s\u00e3o passageiras.<\/p><\/div><\/div><\/div><\/div><\/div>\n\n\n\n<div class=\"wp-block-uagb-info-box uagb-infobox__outer-wrap uagb-block-0e1471eb\"><div class=\"uagb-infobox__content-wrap uagb-infobox uagb-infobox-has-icon uagb-infobox-icon-above-title uagb-infobox-image-valign-top uagb-infobox-enable-border-radius \"><div class=\"uagb-ifb-left-right-wrap\"><div class=\"uagb-ifb-content\"><div class=\"uagb-ifb-image-icon-content uagb-ifb-imgicon-wrap\"><div class=\"uagb-ifb-icon-wrap\"><span class=\"uagb-ifb-icon\"><svg xmlns=\"http:\/\/www.w3.org\/2000\/svg\" viewbox=\"0 0 576 512\"><path d=\"M259.3 17.8L194 150.2 47.9 171.5c-26.2 3.8-36.7 36.1-17.7 54.6l105.7 103-25 145.5c-4.5 26.3 23.2 46 46.4 33.7L288 439.6l130.7 68.7c23.2 12.2 50.9-7.4 46.4-33.7l-25-145.5 105.7-103c19-18.5 8.5-50.8-17.7-54.6L382 150.2 316.7 17.8c-11.7-23.6-45.6-23.9-57.4 0z\"><\/path><\/svg><\/span><\/div><\/div><div class=\"uagb-ifb-title-wrap\"><span class=\"uagb-ifb-title-prefix\">Patr\u00edcia Leite<\/span><h3 class=\"uagb-ifb-title\">ACENDER&nbsp;UM&nbsp;INCENSO<\/h3><\/div><div class=\"uagb-ifb-separator-parent\"><div class=\"uagb-ifb-separator\"><\/div><\/div><div class=\"uagb-ifb-text-wrap\"><p class=\"uagb-ifb-desc\">Acender um incenso pode ser uma forma de marcar o tempo de medita\u00e7\u00e3o ou, at\u00e9 mesmo, de uma simples pausa entre uma atividade e outra do dia a dia.<br>Segundo os monges budistas, \u00e9 uma maneira de purificar o ambiente, elevar o esp\u00edrito e espalhar o bem-estar.<\/p><\/div><\/div><\/div><\/div><\/div>\n\n\n\n<div class=\"wp-block-uagb-info-box uagb-infobox__outer-wrap uagb-block-f2093d3f\"><div class=\"uagb-infobox__content-wrap uagb-infobox uagb-infobox-has-icon uagb-infobox-icon-above-title uagb-infobox-image-valign-top uagb-infobox-enable-border-radius \"><div class=\"uagb-ifb-left-right-wrap\"><div class=\"uagb-ifb-content\"><div class=\"uagb-ifb-image-icon-content uagb-ifb-imgicon-wrap\"><div class=\"uagb-ifb-icon-wrap\"><span class=\"uagb-ifb-icon\"><svg xmlns=\"http:\/\/www.w3.org\/2000\/svg\" viewbox=\"0 0 576 512\"><path d=\"M259.3 17.8L194 150.2 47.9 171.5c-26.2 3.8-36.7 36.1-17.7 54.6l105.7 103-25 145.5c-4.5 26.3 23.2 46 46.4 33.7L288 439.6l130.7 68.7c23.2 12.2 50.9-7.4 46.4-33.7l-25-145.5 105.7-103c19-18.5 8.5-50.8-17.7-54.6L382 150.2 316.7 17.8c-11.7-23.6-45.6-23.9-57.4 0z\"><\/path><\/svg><\/span><\/div><\/div><div class=\"uagb-ifb-title-wrap\"><span class=\"uagb-ifb-title-prefix\">Patr\u00edcia Leite<\/span><h3 class=\"uagb-ifb-title\">AMAR MAIS<\/h3><\/div><div class=\"uagb-ifb-separator-parent\"><div class=\"uagb-ifb-separator\"><\/div><\/div><div class=\"uagb-ifb-text-wrap\"><p class=\"uagb-ifb-desc\">Amar mais e sorrir mais para a vida tamb\u00e9m ajudam quando a miss\u00e3o \u00e9 aprender como ser zen.<br>Quanto mais atos de amor e generosidade forem praticados, mais o corpo vai liberar ocitocina, que \u00e9 o horm\u00f4nio do amor.<br>Uma vez que esse horm\u00f4nio \u00e9 liberado, os n\u00edveis de cortisol (horm\u00f4nio do estresse) diminuem no organismo, aumentando a sensa\u00e7\u00e3o de bem-estar.<\/p><\/div><\/div><\/div><\/div><\/div>\n\n\n\n<div class=\"wp-block-uagb-info-box uagb-infobox__outer-wrap uagb-block-895710d3\"><div class=\"uagb-infobox__content-wrap uagb-infobox uagb-infobox-has-icon uagb-infobox-icon-above-title uagb-infobox-image-valign-top uagb-infobox-enable-border-radius \"><div class=\"uagb-ifb-left-right-wrap\"><div class=\"uagb-ifb-content\"><div class=\"uagb-ifb-image-icon-content uagb-ifb-imgicon-wrap\"><div class=\"uagb-ifb-icon-wrap\"><span class=\"uagb-ifb-icon\"><svg xmlns=\"http:\/\/www.w3.org\/2000\/svg\" viewbox=\"0 0 576 512\"><path d=\"M259.3 17.8L194 150.2 47.9 171.5c-26.2 3.8-36.7 36.1-17.7 54.6l105.7 103-25 145.5c-4.5 26.3 23.2 46 46.4 33.7L288 439.6l130.7 68.7c23.2 12.2 50.9-7.4 46.4-33.7l-25-145.5 105.7-103c19-18.5 8.5-50.8-17.7-54.6L382 150.2 316.7 17.8c-11.7-23.6-45.6-23.9-57.4 0z\"><\/path><\/svg><\/span><\/div><\/div><div class=\"uagb-ifb-title-wrap\"><span class=\"uagb-ifb-title-prefix\">Patr\u00edcia Leite<\/span><h3 class=\"uagb-ifb-title\">CANTAR<\/h3><\/div><div class=\"uagb-ifb-separator-parent\"><div class=\"uagb-ifb-separator\"><\/div><\/div><div class=\"uagb-ifb-text-wrap\"><p class=\"uagb-ifb-desc\">Quem&nbsp;canta&nbsp;seus&nbsp;males&nbsp;espanta,&nbsp;literalmente.<br>O canto trabalha v\u00e1rios m\u00fasculos do corpo, afasta o estresse e ainda libera a capacidade de express\u00e3o.<br><br>Portanto, aprender como ser zen tamb\u00e9m \u00e9 cantar tuas m\u00fasicas favoritas ou aquelas que n\u00e3o saem da tua cabe\u00e7a mesmo sem saber direito a letra.<\/p><\/div><\/div><\/div><\/div><\/div>\n\n\n\n<div class=\"wp-block-uagb-info-box uagb-infobox__outer-wrap uagb-block-af6b2525\"><div class=\"uagb-infobox__content-wrap uagb-infobox uagb-infobox-has-icon uagb-infobox-icon-above-title uagb-infobox-image-valign-top uagb-infobox-enable-border-radius \"><div class=\"uagb-ifb-left-right-wrap\"><div class=\"uagb-ifb-content\"><div class=\"uagb-ifb-image-icon-content uagb-ifb-imgicon-wrap\"><div class=\"uagb-ifb-icon-wrap\"><span class=\"uagb-ifb-icon\"><svg xmlns=\"http:\/\/www.w3.org\/2000\/svg\" viewbox=\"0 0 576 512\"><path d=\"M259.3 17.8L194 150.2 47.9 171.5c-26.2 3.8-36.7 36.1-17.7 54.6l105.7 103-25 145.5c-4.5 26.3 23.2 46 46.4 33.7L288 439.6l130.7 68.7c23.2 12.2 50.9-7.4 46.4-33.7l-25-145.5 105.7-103c19-18.5 8.5-50.8-17.7-54.6L382 150.2 316.7 17.8c-11.7-23.6-45.6-23.9-57.4 0z\"><\/path><\/svg><\/span><\/div><\/div><div class=\"uagb-ifb-title-wrap\"><span class=\"uagb-ifb-title-prefix\">Patr\u00edcia Leite<\/span><h3 class=\"uagb-ifb-title\">CORRIGIR A POSTURA<\/h3><\/div><div class=\"uagb-ifb-separator-parent\"><div class=\"uagb-ifb-separator\"><\/div><\/div><div class=\"uagb-ifb-text-wrap\"><p class=\"uagb-ifb-desc\">Corrigir a postura, deixando a coluna ereta, seja em p\u00e9 ou ao se sentar, aumenta tamb\u00e9m o equil\u00edbrio f\u00edsico e mental.<br>Al\u00e9m de diminuir dores na coluna, cintura e joelho, melhora a posi\u00e7\u00e3o dos pulm\u00f5es e tamb\u00e9m a oxigena\u00e7\u00e3o sangu\u00ednea.<br>Ao fazer isso pela manh\u00e3, percebendo tua respira\u00e7\u00e3o, pensamentos e batimentos do cora\u00e7\u00e3o, voc\u00ea pode se preparar melhor para aceitar o dia como ele vier.<\/p><\/div><\/div><\/div><\/div><\/div>\n\n\n\n<div class=\"wp-block-uagb-info-box uagb-infobox__outer-wrap uagb-block-1ed50a29\"><div class=\"uagb-infobox__content-wrap uagb-infobox uagb-infobox-has-icon uagb-infobox-icon-above-title uagb-infobox-image-valign-top uagb-infobox-enable-border-radius \"><div class=\"uagb-ifb-left-right-wrap\"><div class=\"uagb-ifb-content\"><div class=\"uagb-ifb-image-icon-content uagb-ifb-imgicon-wrap\"><div class=\"uagb-ifb-icon-wrap\"><span class=\"uagb-ifb-icon\"><svg xmlns=\"http:\/\/www.w3.org\/2000\/svg\" viewbox=\"0 0 576 512\"><path d=\"M259.3 17.8L194 150.2 47.9 171.5c-26.2 3.8-36.7 36.1-17.7 54.6l105.7 103-25 145.5c-4.5 26.3 23.2 46 46.4 33.7L288 439.6l130.7 68.7c23.2 12.2 50.9-7.4 46.4-33.7l-25-145.5 105.7-103c19-18.5 8.5-50.8-17.7-54.6L382 150.2 316.7 17.8c-11.7-23.6-45.6-23.9-57.4 0z\"><\/path><\/svg><\/span><\/div><\/div><div class=\"uagb-ifb-title-wrap\"><span class=\"uagb-ifb-title-prefix\">Patr\u00edcia Leite<\/span><h3 class=\"uagb-ifb-title\">DESCOBRIR NOVOS PRAZERES NO COTIDIANO<\/h3><\/div><div class=\"uagb-ifb-separator-parent\"><div class=\"uagb-ifb-separator\"><\/div><\/div><div class=\"uagb-ifb-text-wrap\"><p class=\"uagb-ifb-desc\">Corrigir a postura, deixando a coluna ereta, seja em p\u00e9 ou ao se sentar, Acordar e levantar da cama \u00e9 algo que fazes todos dias, mas pode se tornar uma vit\u00f3ria quando o pensamento \u00e9 de gratid\u00e3o por mais um dia de vida.<\/p><\/div><\/div><\/div><\/div><\/div>\n\n\n\n<div class=\"wp-block-uagb-info-box uagb-infobox__outer-wrap uagb-block-7ec81dd8\"><div class=\"uagb-infobox__content-wrap uagb-infobox uagb-infobox-has-icon uagb-infobox-icon-above-title uagb-infobox-image-valign-top uagb-infobox-enable-border-radius \"><div class=\"uagb-ifb-left-right-wrap\"><div class=\"uagb-ifb-content\"><div class=\"uagb-ifb-image-icon-content uagb-ifb-imgicon-wrap\"><div class=\"uagb-ifb-icon-wrap\"><span class=\"uagb-ifb-icon\"><svg xmlns=\"http:\/\/www.w3.org\/2000\/svg\" viewbox=\"0 0 576 512\"><path d=\"M259.3 17.8L194 150.2 47.9 171.5c-26.2 3.8-36.7 36.1-17.7 54.6l105.7 103-25 145.5c-4.5 26.3 23.2 46 46.4 33.7L288 439.6l130.7 68.7c23.2 12.2 50.9-7.4 46.4-33.7l-25-145.5 105.7-103c19-18.5 8.5-50.8-17.7-54.6L382 150.2 316.7 17.8c-11.7-23.6-45.6-23.9-57.4 0z\"><\/path><\/svg><\/span><\/div><\/div><div class=\"uagb-ifb-title-wrap\"><span class=\"uagb-ifb-title-prefix\">Patr\u00edcia Leite<\/span><h3 class=\"uagb-ifb-title\">ESTAR EM CONTATO COM A NATUREZA<\/h3><\/div><div class=\"uagb-ifb-separator-parent\"><div class=\"uagb-ifb-separator\"><\/div><\/div><div class=\"uagb-ifb-text-wrap\"><p class=\"uagb-ifb-desc\">Estar em contato com a natureza \u00e9 importante para recarregar as energias.<br>Podes at\u00e9 fazer isso em casa, ao cultivar plantas ou ao colocar os p\u00e9s na relva do jardim por alguns minutos.<\/p><\/div><\/div><\/div><\/div><\/div>\n\n\n\n<p><\/p>\n","protected":false},"excerpt":{"rendered":"","protected":false},"author":1,"featured_media":0,"parent":0,"menu_order":0,"comment_status":"closed","ping_status":"closed","template":"","meta":{"_uag_custom_page_level_css":""},"uagb_featured_image_src":{"full":false,"thumbnail":false,"medium":false,"medium_large":false,"large":false,"1536x1536":false,"2048x2048":false},"uagb_author_info":{"display_name":"R\u00e1dio Insular","author_link":"https:\/\/radioinsular.pt\/index.php\/author\/nsl9wvrix1\/"},"uagb_comment_info":0,"uagb_excerpt":null,"_links":{"self":[{"href":"https:\/\/radioinsular.pt\/index.php\/wp-json\/wp\/v2\/pages\/148"}],"collection":[{"href":"https:\/\/radioinsular.pt\/index.php\/wp-json\/wp\/v2\/pages"}],"about":[{"href":"https:\/\/radioinsular.pt\/index.php\/wp-json\/wp\/v2\/types\/page"}],"author":[{"embeddable":true,"href":"https:\/\/radioinsular.pt\/index.php\/wp-json\/wp\/v2\/users\/1"}],"replies":[{"embeddable":true,"href":"https:\/\/radioinsular.pt\/index.php\/wp-json\/wp\/v2\/comments?post=148"}],"version-history":[{"count":7,"href":"https:\/\/radioinsular.pt\/index.php\/wp-json\/wp\/v2\/pages\/148\/revisions"}],"predecessor-version":[{"id":675,"href":"https:\/\/radioinsular.pt\/index.php\/wp-json\/wp\/v2\/pages\/148\/revisions\/675"}],"wp:attachment":[{"href":"https:\/\/radioinsular.pt\/index.php\/wp-json\/wp\/v2\/media?parent=148"}],"curies":[{"name":"wp","href":"https:\/\/api.w.org\/{rel}","templated":true}]}}